{"id":1608,"date":"2026-02-04T09:49:38","date_gmt":"2026-02-04T08:49:38","guid":{"rendered":"https:\/\/epalz-brickbau.com\/datenschutz\/"},"modified":"2026-02-23T13:21:36","modified_gmt":"2026-02-23T12:21:36","slug":"datenschutz","status":"publish","type":"page","link":"https:\/\/epalz-brickbau.com\/cs\/datenschutz\/","title":{"rendered":"Ochrana osobn\u00edch \u00fadaj\u016f"},"content":{"rendered":"<h2>Ochrana osobn\u00edch \u00fadaj\u016f<\/h2>\n<p>Odpov\u011bdnou osobou ve smyslu pr\u00e1vn\u00edch p\u0159edpis\u016f o ochran\u011b osobn\u00edch \u00fadaj\u016f, zejm\u00e9na<br \/>\nna\u0159\u00edzen\u00ed Evropsk\u00e9ho parlamentu a Rady (EU) 2016\/679 (GDPR), je:<\/p>\n<p><strong>Sergey Malov<\/strong><\/p>\n<h3>Va\u0161e pr\u00e1va jako subjektu \u00fadaj\u016f<\/h3>\n<p>Na z\u00e1klad\u011b n\u00ed\u017ee uveden\u00fdch kontaktn\u00edch \u00fadaj\u016f m\u016f\u017eete kdykoli uplatnit n\u00e1sleduj\u00edc\u00ed pr\u00e1va:<\/p>\n<ul>\n<li>pr\u00e1vo na p\u0159\u00edstup k osobn\u00edm \u00fadaj\u016fm (\u010dl. 15 GDPR),<\/li>\n<li>pr\u00e1vo na opravu nep\u0159esn\u00fdch osobn\u00edch \u00fadaj\u016f (\u010dl. 16 GDPR),<\/li>\n<li>pr\u00e1vo na v\u00fdmaz osobn\u00edch \u00fadaj\u016f (\u010dl. 17 GDPR),<\/li>\n<li>pr\u00e1vo na omezen\u00ed zpracov\u00e1n\u00ed (\u010dl. 18 GDPR),<\/li>\n<li>pr\u00e1vo vzn\u00e9st n\u00e1mitku proti zpracov\u00e1n\u00ed (\u010dl. 21 GDPR),<\/li>\n<li>pr\u00e1vo na p\u0159enositelnost \u00fadaj\u016f, pokud je zpracov\u00e1n\u00ed zalo\u017eeno na souhlasu nebo smlouv\u011b<br \/>\n(\u010dl. 20 GDPR).<\/li>\n<\/ul>\n<p>Pokud jste n\u00e1m ud\u011blili souhlas se zpracov\u00e1n\u00edm osobn\u00edch \u00fadaj\u016f, m\u016f\u017eete jej kdykoli odvolat<br \/>\ns \u00fa\u010dinnost\u00ed do budoucna.<\/p>\n<p>D\u00e1le m\u00e1te pr\u00e1vo podat st\u00ed\u017enost u dozorov\u00e9ho \u00fa\u0159adu. V \u010cesk\u00e9 republice je dozorov\u00fdm \u00fa\u0159adem:<\/p>\n<p><strong>\u00da\u0159ad pro ochranu osobn\u00edch \u00fadaj\u016f (\u00daOO\u00da)<\/strong><br \/>\nPplk. Sochora 27<br \/>\n170 00 Praha 7<br \/>\n<a href=\"https:\/\/www.uoou.cz\/\" target=\"_blank\" rel=\"noopener\">https:\/\/www.uoou.cz\/<\/a><\/p>\n<h3>Ukl\u00e1d\u00e1n\u00ed dat do log soubor\u016f<\/h3>\n<p>P\u0159i n\u00e1v\u0161t\u011bv\u011b webu mohou b\u00fdt technick\u00e9 \u00fadaje (nap\u0159. IP adresa, datum a \u010das po\u017eadavku,<br \/>\ntyp prohl\u00ed\u017ee\u010de, opera\u010dn\u00ed syst\u00e9m) do\u010dasn\u011b ukl\u00e1d\u00e1ny do log soubor\u016f za \u00fa\u010delem zaji\u0161t\u011bn\u00ed<br \/>\nbezpe\u010dnosti, stability a \u0159\u00e1dn\u00e9ho provozu webu.<\/p>\n<p>Logy obvykle uchov\u00e1v\u00e1me nejd\u00e9le <strong>14 dn\u00ed<\/strong>. Del\u0161\u00ed uchov\u00e1n\u00ed je mo\u017en\u00e9 pouze v<br \/>\nod\u016fvodn\u011bn\u00fdch p\u0159\u00edpadech (nap\u0159. \u0159e\u0161en\u00ed bezpe\u010dnostn\u00edho incidentu). V takov\u00e9m p\u0159\u00edpad\u011b m\u016f\u017ee b\u00fdt<br \/>\nIP adresa anonymizov\u00e1na, aby nebylo mo\u017en\u00e9 p\u0159i\u0159adit ji ke konkr\u00e9tn\u00ed osob\u011b.<\/p>\n<h3>Cookies<\/h3>\n<p>Na\u0161e webov\u00e9 str\u00e1nky pou\u017e\u00edvaj\u00ed soubory cookies. Cookies jsou mal\u00e9 textov\u00e9 soubory, kter\u00e9 se<br \/>\nukl\u00e1daj\u00ed do va\u0161eho za\u0159\u00edzen\u00ed (po\u010d\u00edta\u010d, tablet, telefon) p\u0159i n\u00e1v\u0161t\u011bv\u011b webu.<\/p>\n<p>Cookies m\u016f\u017eete v prohl\u00ed\u017ee\u010di mazat, blokovat nebo omezit. Postupy se li\u0161\u00ed podle typu<br \/>\nprohl\u00ed\u017ee\u010de \u2013 zde jsou ofici\u00e1ln\u00ed n\u00e1vody:<\/p>\n<ul>\n<li>Mozilla Firefox:<br \/>\n<a href=\"https:\/\/support.mozilla.org\/cs\/kb\/smazani-cookies-a-dat-stranek-firefox\" target=\"_blank\" rel=\"noopener\"><br \/>\nN\u00e1vod<br \/>\n<\/a><\/li>\n<li>Google Chrome:<br \/>\n<a href=\"https:\/\/support.google.com\/chrome\/answer\/95647?hl=cs\" target=\"_blank\" rel=\"noopener\"><br \/>\nN\u00e1vod<br \/>\n<\/a><\/li>\n<li>Microsoft Edge:<br \/>\n<a href=\"https:\/\/support.microsoft.com\/cs-cz\/microsoft-edge\/odstran%C4%9Bn%C3%AD-soubor%C5%AF-cookie-v-prohl%C3%AD%C5%BEe%C4%8Di-microsoft-edge-63947406-40ac-c3b8-57b9-2a946a29ae09\" target=\"_blank\" rel=\"noopener\"><br \/>\nN\u00e1vod<br \/>\n<\/a><\/li>\n<li>Safari:<br \/>\n<a href=\"https:\/\/support.apple.com\/cs-cz\/guide\/safari\/sfri11471\/mac\" target=\"_blank\" rel=\"noopener\"><br \/>\nN\u00e1vod<br \/>\n<\/a><\/li>\n<li>Opera:<br \/>\n<a href=\"https:\/\/help.opera.com\/en\/latest\/web-preferences\/#cookies\" target=\"_blank\" rel=\"noopener\"><br \/>\nN\u00e1vod<br \/>\n<\/a><\/li>\n<\/ul>\n<h3>Doba uchov\u00e1n\u00ed a pou\u017e\u00edvan\u00e9 cookies<\/h3>\n<p>Pokud jste ve sv\u00e9m prohl\u00ed\u017ee\u010di povolili pou\u017e\u00edv\u00e1n\u00ed cookies nebo jste s jejich pou\u017eit\u00edm souhlasili,<br \/>\nmohou b\u00fdt na t\u011bchto str\u00e1nk\u00e1ch pou\u017e\u00edv\u00e1ny n\u00e1sleduj\u00edc\u00ed typy cookies:<\/p>\n<h3>Technicky nezbytn\u00e9 cookies<\/h3>\n<p><strong>\u00da\u010del zpracov\u00e1n\u00ed:<\/strong><\/p>\n<p>Tyto cookies jsou nutn\u00e9 pro spr\u00e1vn\u00e9 fungov\u00e1n\u00ed webu a jeho z\u00e1kladn\u00edch funkc\u00ed (nap\u0159. ulo\u017een\u00ed<br \/>\npolo\u017eek v ko\u0161\u00edku, bezpe\u010dn\u00e9 p\u0159ihl\u00e1\u0161en\u00ed, zachov\u00e1n\u00ed nastaven\u00ed).<\/p>\n<p><strong>Pr\u00e1vn\u00ed z\u00e1klad:<\/strong><\/p>\n<p>Zpracov\u00e1n\u00ed prob\u00edh\u00e1 na z\u00e1klad\u011b na\u0161eho opr\u00e1vn\u011bn\u00e9ho z\u00e1jmu na funk\u010dn\u00edm a bezpe\u010dn\u00e9m provozu webu<br \/>\ndle \u010dl. 6 odst. 1 p\u00edsm. f GDPR.<\/p>\n<p><strong>P\u0159\u00edjemci:<\/strong><\/p>\n<p>P\u0159\u00edjemci \u00fadaj\u016f mohou b\u00fdt technick\u00e9 a hostingov\u00e9 spole\u010dnosti, kter\u00e9 pro n\u00e1s zaji\u0161\u0165uj\u00ed provoz a<br \/>\n\u00fadr\u017ebu webu jako zpracovatel\u00e9.<\/p>\n<p><strong>Je poskytnut\u00ed \u00fadaj\u016f povinn\u00e9?<\/strong><\/p>\n<p>Poskytnut\u00ed \u00fadaj\u016f nen\u00ed z\u00e1konnou ani smluvn\u00ed povinnost\u00ed, bez t\u011bchto cookies v\u0161ak nemus\u00ed b\u00fdt<br \/>\nzaji\u0161t\u011bna pln\u00e1 funk\u010dnost webu.<\/p>\n<h3>Pr\u00e1vo vzn\u00e9st n\u00e1mitku<\/h3>\n<p>Informace o va\u0161em pr\u00e1vu vzn\u00e9st n\u00e1mitku dle \u010dl. 21 GDPR naleznete n\u00ed\u017ee.<\/p>\n<h3>Pou\u017e\u00edv\u00e1n\u00ed Google Analytics<\/h3>\n<p>Pokud jste ud\u011blili souhlas, m\u016f\u017ee tento web pou\u017e\u00edvat Google Analytics, slu\u017ebu webov\u00e9 anal\u00fdzy<br \/>\nspole\u010dnosti Google. Google Analytics pou\u017e\u00edv\u00e1 cookies, kter\u00e9 umo\u017e\u0148uj\u00ed analyzovat pou\u017e\u00edv\u00e1n\u00ed webu.<\/p>\n<p>IP adresa m\u016f\u017ee b\u00fdt zkr\u00e1cena (anonymizov\u00e1na) v r\u00e1mci EU\/EHP. Ve v\u00fdjime\u010dn\u00fdch p\u0159\u00edpadech m\u016f\u017ee b\u00fdt<br \/>\n\u00fapln\u00e1 IP adresa p\u0159enesena na server Google a tam zkr\u00e1cena.<\/p>\n<p>\u00dadaje spojen\u00e9 s cookies (nap\u0159. identifik\u00e1tory) mohou b\u00fdt uchov\u00e1v\u00e1ny po dobu nastavenou ve slu\u017eb\u011b,<br \/>\ntypicky a\u017e <strong>14 m\u011bs\u00edc\u016f<\/strong> (dle konfigurace).<\/p>\n<p><strong>Odvol\u00e1n\u00ed souhlasu \/ vypnut\u00ed m\u011b\u0159en\u00ed:<\/strong><\/p>\n<p>Souhlas m\u016f\u017eete kdykoli odvolat v nastaven\u00ed cookies (cookie li\u0161ta \/ consent n\u00e1stroj) nebo m\u016f\u017eete<br \/>\npou\u017e\u00edt dopln\u011bk prohl\u00ed\u017ee\u010de k deaktivaci Google Analytics:<br \/>\n<a href=\"https:\/\/tools.google.com\/dlpage\/gaoptout?hl=cs\" target=\"_blank\" rel=\"noopener\"><br \/>\ndopln\u011bk prohl\u00ed\u017ee\u010de<br \/>\n<\/a>.<\/p>\n<p>Dal\u0161\u00ed informace:<br \/>\n<a href=\"https:\/\/policies.google.com\/privacy?hl=cs\" target=\"_blank\" rel=\"noopener\">Z\u00e1sady ochrany soukrom\u00ed Google<\/a><br \/>\na<br \/>\n<a href=\"https:\/\/marketingplatform.google.com\/about\/analytics\/terms\/cz\/\" target=\"_blank\" rel=\"noopener\">Podm\u00ednky Google Analytics<\/a>.<\/p>\n<h3>Pou\u017e\u00edv\u00e1n\u00ed knihoven skript\u016f (Google Web Fonts)<\/h3>\n<p>Pro jednotn\u00e9 zobrazen\u00ed p\u00edsma m\u016f\u017eeme pou\u017e\u00edvat Google Web Fonts. P\u0159i na\u010d\u00edt\u00e1n\u00ed m\u016f\u017ee doch\u00e1zet k<br \/>\np\u0159enosu \u00fadaj\u016f na servery Google.<\/p>\n<p>V\u00edce informac\u00ed:<br \/>\n<a href=\"https:\/\/developers.google.com\/fonts\/faq\" target=\"_blank\" rel=\"noopener\">FAQ Google Fonts<\/a><br \/>\na<br \/>\n<a href=\"https:\/\/policies.google.com\/privacy?hl=cs\" target=\"_blank\" rel=\"noopener\">Z\u00e1sady ochrany soukrom\u00ed Google<\/a>.<\/p>\n<h3>Pou\u017e\u00edv\u00e1n\u00ed Google Maps<\/h3>\n<p>Na webu m\u016f\u017eeme pou\u017e\u00edvat Google Maps pro zobrazen\u00ed map. T\u00edm m\u016f\u017ee doj\u00edt k p\u0159enosu \u00fadaj\u016f na Google.<br \/>\nPokud jste p\u0159ihl\u00e1\u0161eni ke Google \u00fa\u010dtu, mohou b\u00fdt \u00fadaje p\u0159i\u0159azeny k va\u0161emu profilu.<\/p>\n<p>Odvol\u00e1n\u00ed souhlasu je mo\u017en\u00e9 prov\u00e9st v nastaven\u00ed cookies (cookie li\u0161ta \/ consent n\u00e1stroj). Bez<br \/>\nsouhlasu m\u016f\u017ee b\u00fdt mapov\u00e1 funkcionalita nedostupn\u00e1 nebo omezen\u00e1.<\/p>\n<p>V\u00edce informac\u00ed:<br \/>\n<a href=\"https:\/\/policies.google.com\/privacy?hl=cs\" target=\"_blank\" rel=\"noopener\">Z\u00e1sady ochrany soukrom\u00ed Google<\/a>.<\/p>\n<h3>Vlo\u017een\u00e1 videa YouTube<\/h3>\n<p>Na webu mohou b\u00fdt vlo\u017eena videa ze slu\u017eby YouTube. P\u0159i p\u0159ehr\u00e1n\u00ed m\u016f\u017ee YouTube ukl\u00e1dat cookies a<br \/>\nz\u00edsk\u00e1vat informace o pou\u017e\u00edv\u00e1n\u00ed. Pokud jste p\u0159ihl\u00e1\u0161eni ke Google\/YouTube \u00fa\u010dtu, m\u016f\u017ee doj\u00edt k<br \/>\np\u0159i\u0159azen\u00ed n\u00e1v\u0161t\u011bvy k va\u0161emu profilu.<\/p>\n<p>V\u00edce informac\u00ed:<br \/>\n<a href=\"https:\/\/policies.google.com\/privacy?hl=cs\" target=\"_blank\" rel=\"noopener\">Z\u00e1sady ochrany soukrom\u00ed Google<\/a>.<\/p>\n<h3>Soci\u00e1ln\u00ed pluginy<\/h3>\n<p>Na webu mohou b\u00fdt pou\u017eita tla\u010d\u00edtka soci\u00e1ln\u00edch s\u00edt\u00ed. Pokud jsou pou\u017eita, doporu\u010dujeme \u0159e\u0161en\u00ed, kter\u00e9<br \/>\nzabr\u00e1n\u00ed automatick\u00e9mu p\u0159enosu dat (nap\u0159. aktivace a\u017e po kliknut\u00ed). Rozsah a \u00fa\u010del zpracov\u00e1n\u00ed se \u0159\u00edd\u00ed<br \/>\npodm\u00ednkami p\u0159\u00edslu\u0161n\u00fdch poskytovatel\u016f.<\/p>\n<h3>SSL \u0161ifrov\u00e1n\u00ed<\/h3>\n<p>Pro ochranu p\u0159enosu dat pou\u017e\u00edv\u00e1me \u0161ifrov\u00e1n\u00ed (SSL\/TLS) prost\u0159ednictv\u00edm HTTPS.<\/p>\n<h3>Informace o pr\u00e1vu vzn\u00e9st n\u00e1mitku dle \u010dl. 21 GDPR<\/h3>\n<p><strong>Pr\u00e1vo vzn\u00e9st n\u00e1mitku v konkr\u00e9tn\u00edm p\u0159\u00edpad\u011b<\/strong><\/p>\n<p>M\u00e1te pr\u00e1vo kdykoli vzn\u00e9st n\u00e1mitku proti zpracov\u00e1n\u00ed osobn\u00edch \u00fadaj\u016f, kter\u00e9 se v\u00e1s t\u00fdkaj\u00ed, pokud je<br \/>\nzpracov\u00e1n\u00ed zalo\u017eeno na \u010dl. 6 odst. 1 p\u00edsm. f GDPR (opr\u00e1vn\u011bn\u00fd z\u00e1jem). To plat\u00ed i pro profilov\u00e1n\u00ed.<\/p>\n<p>Pokud vznesete n\u00e1mitku, nebudeme va\u0161e osobn\u00ed \u00fadaje d\u00e1le zpracov\u00e1vat, leda\u017ee prok\u00e1\u017eeme z\u00e1va\u017en\u00e9<br \/>\nopr\u00e1vn\u011bn\u00e9 d\u016fvody pro zpracov\u00e1n\u00ed, kter\u00e9 p\u0159eva\u017euj\u00ed nad va\u0161imi z\u00e1jmy, pr\u00e1vy a svobodami, nebo je<br \/>\nzpracov\u00e1n\u00ed nezbytn\u00e9 pro ur\u010den\u00ed, v\u00fdkon nebo obhajobu pr\u00e1vn\u00edch n\u00e1rok\u016f.<\/p>\n<h3>P\u0159\u00edjemce n\u00e1mitky<\/h3>\n<p><strong>Sergey Malov<\/strong><\/p>\n<h3>Zm\u011bny z\u00e1sad ochrany osobn\u00edch \u00fadaj\u016f<\/h3>\n<p>Vyhrazujeme si pr\u00e1vo tyto z\u00e1sady upravovat, aby odpov\u00eddaly aktu\u00e1ln\u00edm pr\u00e1vn\u00edm po\u017eadavk\u016fm nebo<br \/>\nzm\u011bn\u00e1m na\u0161ich slu\u017eeb. P\u0159i op\u011btovn\u00e9 n\u00e1v\u0161t\u011bv\u011b plat\u00ed aktu\u00e1ln\u00ed verze t\u011bchto z\u00e1sad.<\/p>\n<h3>Dotazy k ochran\u011b osobn\u00edch \u00fadaj\u016f<\/h3>\n<p>M\u00e1te-li dotazy k ochran\u011b osobn\u00edch \u00fadaj\u016f, kontaktujte n\u00e1s e-mailem:<br \/>\n<a href=\"mailto:info@epalz-brickbau.com\">info@epalz-brickbau.com<\/a><\/p>\n","protected":false},"excerpt":{"rendered":"<p>Ochrana osobn\u00edch \u00fadaj\u016f Odpov\u011bdnou osobou ve smyslu pr\u00e1vn\u00edch p\u0159edpis\u016f o ochran\u011b osobn\u00edch \u00fadaj\u016f, zejm\u00e9na na\u0159\u00edzen\u00ed Evropsk\u00e9ho parlamentu a Rady (EU) 2016\/679 (GDPR), je: Sergey Malov Va\u0161e pr\u00e1va jako subjektu \u00fadaj\u016f Na z\u00e1klad\u011b n\u00ed\u017ee uveden\u00fdch kontaktn\u00edch \u00fadaj\u016f m\u016f\u017eete kdykoli uplatnit n\u00e1sleduj\u00edc\u00ed pr\u00e1va: pr\u00e1vo na p\u0159\u00edstup k osobn\u00edm \u00fadaj\u016fm (\u010dl. 15 GDPR), pr\u00e1vo na opravu nep\u0159esn\u00fdch osobn\u00edch [&hellip;]<\/p>\n","protected":false},"author":1,"featured_media":0,"parent":0,"menu_order":0,"comment_status":"closed","ping_status":"closed","template":"","meta":{"_acf_changed":false,"inline_featured_image":false,"footnotes":""},"class_list":["post-1608","page","type-page","status-publish","hentry"],"acf":[],"_links":{"self":[{"href":"https:\/\/epalz-brickbau.com\/cs\/wp-json\/wp\/v2\/pages\/1608","targetHints":{"allow":["GET"]}}],"collection":[{"href":"https:\/\/epalz-brickbau.com\/cs\/wp-json\/wp\/v2\/pages"}],"about":[{"href":"https:\/\/epalz-brickbau.com\/cs\/wp-json\/wp\/v2\/types\/page"}],"author":[{"embeddable":true,"href":"https:\/\/epalz-brickbau.com\/cs\/wp-json\/wp\/v2\/users\/1"}],"replies":[{"embeddable":true,"href":"https:\/\/epalz-brickbau.com\/cs\/wp-json\/wp\/v2\/comments?post=1608"}],"version-history":[{"count":0,"href":"https:\/\/epalz-brickbau.com\/cs\/wp-json\/wp\/v2\/pages\/1608\/revisions"}],"wp:attachment":[{"href":"https:\/\/epalz-brickbau.com\/cs\/wp-json\/wp\/v2\/media?parent=1608"}],"curies":[{"name":"wp","href":"https:\/\/api.w.org\/{rel}","templated":true}]}}