{"id":1604,"date":"2026-02-04T09:43:01","date_gmt":"2026-02-04T08:43:01","guid":{"rendered":"https:\/\/epalz-brickbau.com\/impressum\/"},"modified":"2026-02-23T13:15:19","modified_gmt":"2026-02-23T12:15:19","slug":"impressum","status":"publish","type":"page","link":"https:\/\/epalz-brickbau.com\/cs\/impressum\/","title":{"rendered":"Impressum"},"content":{"rendered":"<p>IMPRESSUM dle z\u00e1kona \u010d. 121\/2000 Sb., o pr\u00e1vu autorsk\u00e9m, o pr\u00e1vech souvisej\u00edc\u00edch s pr\u00e1vem autorsk\u00fdm a o zm\u011bn\u011b n\u011bkter\u00fdch z\u00e1kon\u016f, a z\u00e1kona \u010d. 480\/2004 Sb., o n\u011bkter\u00fdch slu\u017eb\u00e1ch informa\u010dn\u00ed spole\u010dnosti.<\/p>\n<p>Epalz Cze s.r.o.<br \/>\nTechnick\u00fd vedouc\u00ed: Sergej Malov<\/p>\n<h3>Adresa:<\/h3>\n<p>Epalz Cze s.r.o.<br \/>\n\u010cert\u016fv vr\u0161ek 1428\/4<br \/>\nPraha 8, 180 00<\/p>\n<h3>Kontakt:<\/h3>\n<p>Telefon: <a href=\"tel:+420774701311\">+420 774 701 311<\/a><br \/>\nE-mail: <a href=\"mailto:info@epalz-brickbau.com\">info@epalz-brickbau.com<\/a><\/p>\n<h3>Zodpov\u011bdnost za obsah:<\/h3>\n<p>Sergej Malov<\/p>\n<h3>Tvorba webu<\/h3>\n<p>Jan Pavelka<\/p>\n<p>Telefon: +420 731 784 984<br \/>\nE-Mail: <a href=\"mailto:info@pavelkajan.cz\">info@pavelkajan.cz<\/a><br \/>\nWeb: <a title=\"Individuelle Webentwicklung und Webdesign aus Prag\" href=\"https:\/\/pavelkajan.cz\/\" target=\"_blank\" rel=\"noopener\">pavelkajan.cz<\/a><\/p>\n","protected":false},"excerpt":{"rendered":"<p>IMPRESSUM dle z\u00e1kona \u010d. 121\/2000 Sb., o pr\u00e1vu autorsk\u00e9m, o pr\u00e1vech souvisej\u00edc\u00edch s pr\u00e1vem autorsk\u00fdm a o zm\u011bn\u011b n\u011bkter\u00fdch z\u00e1kon\u016f, a z\u00e1kona \u010d. 480\/2004 Sb., o n\u011bkter\u00fdch slu\u017eb\u00e1ch informa\u010dn\u00ed spole\u010dnosti. Epalz Cze s.r.o. Technick\u00fd vedouc\u00ed: Sergej Malov Adresa: Epalz Cze s.r.o. \u010cert\u016fv vr\u0161ek 1428\/4 Praha 8, 180 00 Kontakt: Telefon: +420 774 701 311 E-mail: [&hellip;]<\/p>\n","protected":false},"author":1,"featured_media":1533,"parent":0,"menu_order":0,"comment_status":"closed","ping_status":"closed","template":"","meta":{"_acf_changed":false,"inline_featured_image":false,"footnotes":""},"class_list":["post-1604","page","type-page","status-publish","has-post-thumbnail","hentry"],"acf":[],"_links":{"self":[{"href":"https:\/\/epalz-brickbau.com\/cs\/wp-json\/wp\/v2\/pages\/1604","targetHints":{"allow":["GET"]}}],"collection":[{"href":"https:\/\/epalz-brickbau.com\/cs\/wp-json\/wp\/v2\/pages"}],"about":[{"href":"https:\/\/epalz-brickbau.com\/cs\/wp-json\/wp\/v2\/types\/page"}],"author":[{"embeddable":true,"href":"https:\/\/epalz-brickbau.com\/cs\/wp-json\/wp\/v2\/users\/1"}],"replies":[{"embeddable":true,"href":"https:\/\/epalz-brickbau.com\/cs\/wp-json\/wp\/v2\/comments?post=1604"}],"version-history":[{"count":0,"href":"https:\/\/epalz-brickbau.com\/cs\/wp-json\/wp\/v2\/pages\/1604\/revisions"}],"wp:featuredmedia":[{"embeddable":true,"href":"https:\/\/epalz-brickbau.com\/cs\/wp-json\/wp\/v2\/media\/1533"}],"wp:attachment":[{"href":"https:\/\/epalz-brickbau.com\/cs\/wp-json\/wp\/v2\/media?parent=1604"}],"curies":[{"name":"wp","href":"https:\/\/api.w.org\/{rel}","templated":true}]}}